{"id":332,"date":"2018-05-23T18:29:28","date_gmt":"2018-05-23T18:29:28","guid":{"rendered":"http:\/\/iguazutest.com.ar.toro.avnam.net\/?post_type=product&#038;p=332"},"modified":"2026-04-03T17:00:30","modified_gmt":"2026-04-03T17:00:30","slug":"freezer-frare-f-90","status":"publish","type":"product","link":"https:\/\/iguazu.enexti.dev\/?product=freezer-frare-f-90","title":{"rendered":"Freezer Frare F 90"},"content":{"rendered":"<p>Capacidad bruta (lts): 130<br \/>\nCondensaci\u00f3n: Est\u00e1tica<br \/>\nRefrigeraci\u00f3n: Est\u00e1tica<br \/>\nPotencia compresor (w): 150<br \/>\nCantidad de canastos: 1<br \/>\nPeso neto (kg): 37<br \/>\nDimensiones mueble (mm): L:600\/P:650\/H:900<\/p>\n","protected":false},"excerpt":{"rendered":"<p>Capacidad bruta (lts): 130 Condensaci\u00f3n: Est\u00e1tica Refrigeraci\u00f3n: Est\u00e1tica Potencia compresor (w): 150 Cantidad de canastos: 1 Peso neto (kg): 37 Dimensiones mueble (mm): L:600\/P:650\/H:900<\/p>\n","protected":false},"featured_media":1826,"template":"","meta":{"_acf_changed":false},"etheme_brands":[],"product_brand":[],"product_cat":[128,25],"product_tag":[],"class_list":{"0":"post-332","1":"product","2":"type-product","3":"status-publish","4":"has-post-thumbnail","6":"product_cat-freezer-horizontal","7":"product_cat-linea-frio","9":"first","10":"instock","11":"shipping-taxable","12":"purchasable","13":"product-type-simple"},"acf":[],"_links":{"self":[{"href":"https:\/\/iguazu.enexti.dev\/index.php?rest_route=\/wp\/v2\/product\/332","targetHints":{"allow":["GET"]}}],"collection":[{"href":"https:\/\/iguazu.enexti.dev\/index.php?rest_route=\/wp\/v2\/product"}],"about":[{"href":"https:\/\/iguazu.enexti.dev\/index.php?rest_route=\/wp\/v2\/types\/product"}],"version-history":[{"count":0,"href":"https:\/\/iguazu.enexti.dev\/index.php?rest_route=\/wp\/v2\/product\/332\/revisions"}],"wp:featuredmedia":[{"embeddable":true,"href":"https:\/\/iguazu.enexti.dev\/index.php?rest_route=\/wp\/v2\/media\/1826"}],"wp:attachment":[{"href":"https:\/\/iguazu.enexti.dev\/index.php?rest_route=%2Fwp%2Fv2%2Fmedia&parent=332"}],"wp:term":[{"taxonomy":"brand","embeddable":true,"href":"https:\/\/iguazu.enexti.dev\/index.php?rest_route=%2Fwp%2Fv2%2Fetheme_brands&post=332"},{"taxonomy":"product_brand","embeddable":true,"href":"https:\/\/iguazu.enexti.dev\/index.php?rest_route=%2Fwp%2Fv2%2Fproduct_brand&post=332"},{"taxonomy":"product_cat","embeddable":true,"href":"https:\/\/iguazu.enexti.dev\/index.php?rest_route=%2Fwp%2Fv2%2Fproduct_cat&post=332"},{"taxonomy":"product_tag","embeddable":true,"href":"https:\/\/iguazu.enexti.dev\/index.php?rest_route=%2Fwp%2Fv2%2Fproduct_tag&post=332"}],"curies":[{"name":"wp","href":"https:\/\/api.w.org\/{rel}","templated":true}]}}