{"id":3324,"date":"2025-05-28T14:23:27","date_gmt":"2025-05-28T14:23:27","guid":{"rendered":"https:\/\/instalacionesiguazu.com.ar\/?post_type=product&#038;p=3324"},"modified":"2026-04-03T16:59:19","modified_gmt":"2026-04-03T16:59:19","slug":"cocina-6-hornallas-pesada-125cm","status":"publish","type":"product","link":"https:\/\/iguazu.enexti.dev\/?product=cocina-6-hornallas-pesada-125cm","title":{"rendered":"Cocina 6 hornallas pesada 125cm"},"content":{"rendered":"<p>La Cocina 6 Hornallas Sol Real es ideal para aquellos que buscan un electrodom\u00e9stico de alta calidad y rendimiento en su hogar. Con 6 hornallas y un modelo de 123 cm, esta cocina ofrece una amplia superficie de cocci\u00f3n para preparar deliciosas comidas para toda la familia. Adem\u00e1s, cuenta con tapa y v\u00e1lvulas de seguridad para una mayor tranquilidad al cocinar.<\/p>\n","protected":false},"excerpt":{"rendered":"<p>La Cocina 6 Hornallas Sol Real es ideal para aquellos que buscan un electrodom\u00e9stico de alta calidad y rendimiento en su hogar. Con 6 hornallas&#8230;<\/p>\n","protected":false},"featured_media":3325,"template":"","meta":{"_acf_changed":false},"etheme_brands":[],"product_brand":[],"product_cat":[37,38],"product_tag":[],"class_list":{"0":"post-3324","1":"product","2":"type-product","3":"status-publish","4":"has-post-thumbnail","6":"product_cat-linea-calor","7":"product_cat-cocinas-industriales","9":"first","10":"instock","11":"shipping-taxable","12":"purchasable","13":"product-type-simple"},"acf":[],"_links":{"self":[{"href":"https:\/\/iguazu.enexti.dev\/index.php?rest_route=\/wp\/v2\/product\/3324","targetHints":{"allow":["GET"]}}],"collection":[{"href":"https:\/\/iguazu.enexti.dev\/index.php?rest_route=\/wp\/v2\/product"}],"about":[{"href":"https:\/\/iguazu.enexti.dev\/index.php?rest_route=\/wp\/v2\/types\/product"}],"version-history":[{"count":1,"href":"https:\/\/iguazu.enexti.dev\/index.php?rest_route=\/wp\/v2\/product\/3324\/revisions"}],"predecessor-version":[{"id":4036,"href":"https:\/\/iguazu.enexti.dev\/index.php?rest_route=\/wp\/v2\/product\/3324\/revisions\/4036"}],"wp:featuredmedia":[{"embeddable":true,"href":"https:\/\/iguazu.enexti.dev\/index.php?rest_route=\/wp\/v2\/media\/3325"}],"wp:attachment":[{"href":"https:\/\/iguazu.enexti.dev\/index.php?rest_route=%2Fwp%2Fv2%2Fmedia&parent=3324"}],"wp:term":[{"taxonomy":"brand","embeddable":true,"href":"https:\/\/iguazu.enexti.dev\/index.php?rest_route=%2Fwp%2Fv2%2Fetheme_brands&post=3324"},{"taxonomy":"product_brand","embeddable":true,"href":"https:\/\/iguazu.enexti.dev\/index.php?rest_route=%2Fwp%2Fv2%2Fproduct_brand&post=3324"},{"taxonomy":"product_cat","embeddable":true,"href":"https:\/\/iguazu.enexti.dev\/index.php?rest_route=%2Fwp%2Fv2%2Fproduct_cat&post=3324"},{"taxonomy":"product_tag","embeddable":true,"href":"https:\/\/iguazu.enexti.dev\/index.php?rest_route=%2Fwp%2Fv2%2Fproduct_tag&post=3324"}],"curies":[{"name":"wp","href":"https:\/\/api.w.org\/{rel}","templated":true}]}}