{"id":3346,"date":"2025-06-06T20:26:51","date_gmt":"2025-06-06T20:26:51","guid":{"rendered":"https:\/\/instalacionesiguazu.com.ar\/?post_type=product&#038;p=3346"},"modified":"2025-07-07T14:37:38","modified_gmt":"2025-07-07T14:37:38","slug":"salamandra-tromen-pehuen-p12000","status":"publish","type":"product","link":"https:\/\/iguazu.enexti.dev\/?product=salamandra-tromen-pehuen-p12000","title":{"rendered":"Salamandra TROMEN  Pehu\u00e9n P12000"},"content":{"rendered":"\t\t<div data-elementor-type=\"product-post\" data-elementor-id=\"3346\" class=\"elementor elementor-3346\" data-elementor-post-type=\"product\">\n\t\t\t\t<div class=\"elementor-element elementor-element-602203a6 e-flex e-con-boxed e-con e-parent\" data-id=\"602203a6\" data-element_type=\"container\">\n\t\t\t\t\t<div class=\"e-con-inner\">\n\t\t\t\t<div class=\"elementor-element elementor-element-167e94db elementor-widget elementor-widget-text-editor\" data-id=\"167e94db\" data-element_type=\"widget\" data-widget_type=\"text-editor.default\">\n\t\t\t\t<div class=\"elementor-widget-container\">\n\t\t\t\t\t\t\t\t\t<div>&#8211; Encendido r\u00e1pido, caj\u00f3n y piso cenicero.<\/div>\n<div>&#8211; Soporte regulable de ladrillos refractarios<\/div>\n<div>&#8211; Espacio inferior para guardar le\u00f1a<\/div>\n<div>&#8211; Salida de Humo: 6&#8243;<\/div>\n<div>&#8211; Medidas (Alto x Ancho x Prof.): 72 x 55 x 60,2 Cm<\/div>\n<div>&#8211; Ambiente: hasta 120 m\u00b2<\/div>\n<div>&#8211; Potencia: 12.000 kcal\/h<\/div>\t\t\t\t\t\t\t\t<\/div>\n\t\t\t\t<\/div>\n\t\t\t\t\t<\/div>\n\t\t\t\t<\/div>\n\t\t\t\t<\/div>\n\t\t","protected":false},"excerpt":{"rendered":"<p>&#8211; Encendido r\u00e1pido, caj\u00f3n y piso cenicero. &#8211; Soporte regulable de ladrillos refractarios &#8211; Espacio inferior para guardar le\u00f1a &#8211; Salida de Humo: 6&#8243; &#8211;&#8230;<\/p>\n","protected":false},"featured_media":3347,"template":"","meta":{"_acf_changed":false},"etheme_brands":[],"product_brand":[],"product_cat":[107,108,37],"product_tag":[],"class_list":{"0":"post-3346","1":"product","2":"type-product","3":"status-publish","4":"has-post-thumbnail","6":"product_cat-calefaccion-y-salamandras","7":"product_cat-salamandra-calefaccion-y-salamandras","8":"product_cat-linea-calor","10":"first","11":"instock","12":"shipping-taxable","13":"purchasable","14":"product-type-simple"},"acf":[],"_links":{"self":[{"href":"https:\/\/iguazu.enexti.dev\/index.php?rest_route=\/wp\/v2\/product\/3346","targetHints":{"allow":["GET"]}}],"collection":[{"href":"https:\/\/iguazu.enexti.dev\/index.php?rest_route=\/wp\/v2\/product"}],"about":[{"href":"https:\/\/iguazu.enexti.dev\/index.php?rest_route=\/wp\/v2\/types\/product"}],"version-history":[{"count":4,"href":"https:\/\/iguazu.enexti.dev\/index.php?rest_route=\/wp\/v2\/product\/3346\/revisions"}],"predecessor-version":[{"id":4035,"href":"https:\/\/iguazu.enexti.dev\/index.php?rest_route=\/wp\/v2\/product\/3346\/revisions\/4035"}],"wp:featuredmedia":[{"embeddable":true,"href":"https:\/\/iguazu.enexti.dev\/index.php?rest_route=\/wp\/v2\/media\/3347"}],"wp:attachment":[{"href":"https:\/\/iguazu.enexti.dev\/index.php?rest_route=%2Fwp%2Fv2%2Fmedia&parent=3346"}],"wp:term":[{"taxonomy":"brand","embeddable":true,"href":"https:\/\/iguazu.enexti.dev\/index.php?rest_route=%2Fwp%2Fv2%2Fetheme_brands&post=3346"},{"taxonomy":"product_brand","embeddable":true,"href":"https:\/\/iguazu.enexti.dev\/index.php?rest_route=%2Fwp%2Fv2%2Fproduct_brand&post=3346"},{"taxonomy":"product_cat","embeddable":true,"href":"https:\/\/iguazu.enexti.dev\/index.php?rest_route=%2Fwp%2Fv2%2Fproduct_cat&post=3346"},{"taxonomy":"product_tag","embeddable":true,"href":"https:\/\/iguazu.enexti.dev\/index.php?rest_route=%2Fwp%2Fv2%2Fproduct_tag&post=3346"}],"curies":[{"name":"wp","href":"https:\/\/api.w.org\/{rel}","templated":true}]}}