{"id":375,"date":"2018-05-23T20:25:06","date_gmt":"2018-05-23T20:25:06","guid":{"rendered":"http:\/\/iguazutest.com.ar.toro.avnam.net\/?post_type=product&#038;p=375"},"modified":"2026-04-03T17:00:29","modified_gmt":"2026-04-03T17:00:29","slug":"selladora-de-bolsas-lipari-30-cm","status":"publish","type":"product","link":"https:\/\/iguazu.enexti.dev\/?product=selladora-de-bolsas-lipari-30-cm","title":{"rendered":"Selladora de Bolsas LIPARI 30 cm"},"content":{"rendered":"<p><strong>Caracteristicas t\u00e9cnicas generales<\/strong><\/p>\n<p>-Sellado por impulso.<br \/>\n-Indicador luminoso de comienzo y fin de operaci\u00f3n.<br \/>\n-Regulaci\u00f3n electr\u00f3nica para sellado de diferentes espesores de bolsa.<br \/>\n-La bolsa se cierra en forma horizontal, realiz\u00e1ndose el sellado de forma manual.<\/p>\n","protected":false},"excerpt":{"rendered":"<p>Caracteristicas t\u00e9cnicas generales -Sellado por impulso. -Indicador luminoso de comienzo y fin de operaci\u00f3n. -Regulaci\u00f3n electr\u00f3nica para sellado de diferentes espesores de bolsa. -La bolsa&#8230;<\/p>\n","protected":false},"featured_media":640,"template":"","meta":{"_acf_changed":false},"etheme_brands":[],"product_brand":[],"product_cat":[49,55],"product_tag":[],"class_list":{"0":"post-375","1":"product","2":"type-product","3":"status-publish","4":"has-post-thumbnail","6":"product_cat-equipamiento-y-maquinaria","7":"product_cat-selladoras","9":"first","10":"instock","11":"shipping-taxable","12":"purchasable","13":"product-type-simple"},"acf":[],"_links":{"self":[{"href":"https:\/\/iguazu.enexti.dev\/index.php?rest_route=\/wp\/v2\/product\/375","targetHints":{"allow":["GET"]}}],"collection":[{"href":"https:\/\/iguazu.enexti.dev\/index.php?rest_route=\/wp\/v2\/product"}],"about":[{"href":"https:\/\/iguazu.enexti.dev\/index.php?rest_route=\/wp\/v2\/types\/product"}],"version-history":[{"count":1,"href":"https:\/\/iguazu.enexti.dev\/index.php?rest_route=\/wp\/v2\/product\/375\/revisions"}],"predecessor-version":[{"id":765,"href":"https:\/\/iguazu.enexti.dev\/index.php?rest_route=\/wp\/v2\/product\/375\/revisions\/765"}],"wp:featuredmedia":[{"embeddable":true,"href":"https:\/\/iguazu.enexti.dev\/index.php?rest_route=\/wp\/v2\/media\/640"}],"wp:attachment":[{"href":"https:\/\/iguazu.enexti.dev\/index.php?rest_route=%2Fwp%2Fv2%2Fmedia&parent=375"}],"wp:term":[{"taxonomy":"brand","embeddable":true,"href":"https:\/\/iguazu.enexti.dev\/index.php?rest_route=%2Fwp%2Fv2%2Fetheme_brands&post=375"},{"taxonomy":"product_brand","embeddable":true,"href":"https:\/\/iguazu.enexti.dev\/index.php?rest_route=%2Fwp%2Fv2%2Fproduct_brand&post=375"},{"taxonomy":"product_cat","embeddable":true,"href":"https:\/\/iguazu.enexti.dev\/index.php?rest_route=%2Fwp%2Fv2%2Fproduct_cat&post=375"},{"taxonomy":"product_tag","embeddable":true,"href":"https:\/\/iguazu.enexti.dev\/index.php?rest_route=%2Fwp%2Fv2%2Fproduct_tag&post=375"}],"curies":[{"name":"wp","href":"https:\/\/api.w.org\/{rel}","templated":true}]}}