{"id":378,"date":"2018-05-23T20:26:52","date_gmt":"2018-05-23T20:26:52","guid":{"rendered":"http:\/\/iguazutest.com.ar.toro.avnam.net\/?post_type=product&#038;p=378"},"modified":"2026-04-03T17:00:29","modified_gmt":"2026-04-03T17:00:29","slug":"spiedo-calabro-12-pollos","status":"publish","type":"product","link":"https:\/\/iguazu.enexti.dev\/?product=spiedo-calabro-12-pollos","title":{"rendered":"Spiedo Calabr\u00f3 12 pollos"},"content":{"rendered":"<p>El sistema giratorio vertical elimina el uso de espadas y provee condiciones \u00f3ptimas para cocinar variados tipos de alimentos en forma uniforme. No produce humo. Tiempo de cocci\u00f3n aproximado: 1,30 hs. El sistema el\u00e9ctrico le da un consumo m\u00ednimo, transforma 220V a 12V para el funcionamiento del motorreductor y de la luz interior. Puede ser usado a bater\u00eda de 12V. Quemadores: infrarrojos a gas. Ruedas, para facilitar su manipuleo.<br \/>\n<strong>Exterior:<\/strong>\u00a0Acero inoxidable AISI 430 brillante o esmerilado.<br \/>\n<strong>Interior:<\/strong>\u00a0Enlozado.<br \/>\n<strong>Frente y puertas:<\/strong>\u00a0Vidrio templado.<\/p>\n<p>90x80x150<\/p>\n<p>2 quemadores 2500 cal\/h<\/p>\n","protected":false},"excerpt":{"rendered":"<p>El sistema giratorio vertical elimina el uso de espadas y provee condiciones \u00f3ptimas para cocinar variados tipos de alimentos en forma uniforme. No produce humo&#8230;.<\/p>\n","protected":false},"featured_media":1085,"template":"","meta":{"_acf_changed":false},"etheme_brands":[],"product_brand":[],"product_cat":[37,47],"product_tag":[],"class_list":{"0":"post-378","1":"product","2":"type-product","3":"status-publish","4":"has-post-thumbnail","6":"product_cat-linea-calor","7":"product_cat-espiedos","9":"first","10":"outofstock","11":"shipping-taxable","12":"purchasable","13":"product-type-simple"},"acf":[],"_links":{"self":[{"href":"https:\/\/iguazu.enexti.dev\/index.php?rest_route=\/wp\/v2\/product\/378","targetHints":{"allow":["GET"]}}],"collection":[{"href":"https:\/\/iguazu.enexti.dev\/index.php?rest_route=\/wp\/v2\/product"}],"about":[{"href":"https:\/\/iguazu.enexti.dev\/index.php?rest_route=\/wp\/v2\/types\/product"}],"version-history":[{"count":1,"href":"https:\/\/iguazu.enexti.dev\/index.php?rest_route=\/wp\/v2\/product\/378\/revisions"}],"predecessor-version":[{"id":762,"href":"https:\/\/iguazu.enexti.dev\/index.php?rest_route=\/wp\/v2\/product\/378\/revisions\/762"}],"wp:featuredmedia":[{"embeddable":true,"href":"https:\/\/iguazu.enexti.dev\/index.php?rest_route=\/wp\/v2\/media\/1085"}],"wp:attachment":[{"href":"https:\/\/iguazu.enexti.dev\/index.php?rest_route=%2Fwp%2Fv2%2Fmedia&parent=378"}],"wp:term":[{"taxonomy":"brand","embeddable":true,"href":"https:\/\/iguazu.enexti.dev\/index.php?rest_route=%2Fwp%2Fv2%2Fetheme_brands&post=378"},{"taxonomy":"product_brand","embeddable":true,"href":"https:\/\/iguazu.enexti.dev\/index.php?rest_route=%2Fwp%2Fv2%2Fproduct_brand&post=378"},{"taxonomy":"product_cat","embeddable":true,"href":"https:\/\/iguazu.enexti.dev\/index.php?rest_route=%2Fwp%2Fv2%2Fproduct_cat&post=378"},{"taxonomy":"product_tag","embeddable":true,"href":"https:\/\/iguazu.enexti.dev\/index.php?rest_route=%2Fwp%2Fv2%2Fproduct_tag&post=378"}],"curies":[{"name":"wp","href":"https:\/\/api.w.org\/{rel}","templated":true}]}}