{"id":509,"date":"2018-05-23T20:59:29","date_gmt":"2018-05-23T20:59:29","guid":{"rendered":"http:\/\/iguazutest.com.ar.toro.avnam.net\/?post_type=product&#038;p=509"},"modified":"2026-04-03T17:00:28","modified_gmt":"2026-04-03T17:00:28","slug":"picadora-fl-32","status":"publish","type":"product","link":"https:\/\/iguazu.enexti.dev\/?product=picadora-fl-32","title":{"rendered":"Picadora FL 32"},"content":{"rendered":"<p>DESCRIPCI\u00d3N:<\/p>\n<p>Revestida en acero inoxidable.<\/p>\n<p>300 kg. de producci\u00f3n por hora.<\/p>\n<p>Motor monof\u00e1sico 1.5 HP.<\/p>\n<p>Tolva, gusano y volante realizados en fundici\u00f3n de hierro.<\/p>\n<p>220 Volts.<\/p>\n<p>Calibre N\u00b0 32.<\/p>\n","protected":false},"excerpt":{"rendered":"<p>DESCRIPCI\u00d3N: Revestida en acero inoxidable. 300 kg. de producci\u00f3n por hora. Motor monof\u00e1sico 1.5 HP. Tolva, gusano y volante realizados en fundici\u00f3n de hierro. 220&#8230;<\/p>\n","protected":false},"featured_media":736,"template":"","meta":{"_acf_changed":false},"etheme_brands":[],"product_brand":[],"product_cat":[49,57],"product_tag":[],"class_list":{"0":"post-509","1":"product","2":"type-product","3":"status-publish","4":"has-post-thumbnail","6":"product_cat-equipamiento-y-maquinaria","7":"product_cat-picadoras","9":"first","10":"instock","11":"featured","12":"shipping-taxable","13":"purchasable","14":"product-type-simple"},"acf":[],"_links":{"self":[{"href":"https:\/\/iguazu.enexti.dev\/index.php?rest_route=\/wp\/v2\/product\/509","targetHints":{"allow":["GET"]}}],"collection":[{"href":"https:\/\/iguazu.enexti.dev\/index.php?rest_route=\/wp\/v2\/product"}],"about":[{"href":"https:\/\/iguazu.enexti.dev\/index.php?rest_route=\/wp\/v2\/types\/product"}],"version-history":[{"count":1,"href":"https:\/\/iguazu.enexti.dev\/index.php?rest_route=\/wp\/v2\/product\/509\/revisions"}],"predecessor-version":[{"id":737,"href":"https:\/\/iguazu.enexti.dev\/index.php?rest_route=\/wp\/v2\/product\/509\/revisions\/737"}],"wp:featuredmedia":[{"embeddable":true,"href":"https:\/\/iguazu.enexti.dev\/index.php?rest_route=\/wp\/v2\/media\/736"}],"wp:attachment":[{"href":"https:\/\/iguazu.enexti.dev\/index.php?rest_route=%2Fwp%2Fv2%2Fmedia&parent=509"}],"wp:term":[{"taxonomy":"brand","embeddable":true,"href":"https:\/\/iguazu.enexti.dev\/index.php?rest_route=%2Fwp%2Fv2%2Fetheme_brands&post=509"},{"taxonomy":"product_brand","embeddable":true,"href":"https:\/\/iguazu.enexti.dev\/index.php?rest_route=%2Fwp%2Fv2%2Fproduct_brand&post=509"},{"taxonomy":"product_cat","embeddable":true,"href":"https:\/\/iguazu.enexti.dev\/index.php?rest_route=%2Fwp%2Fv2%2Fproduct_cat&post=509"},{"taxonomy":"product_tag","embeddable":true,"href":"https:\/\/iguazu.enexti.dev\/index.php?rest_route=%2Fwp%2Fv2%2Fproduct_tag&post=509"}],"curies":[{"name":"wp","href":"https:\/\/api.w.org\/{rel}","templated":true}]}}