{"id":651,"date":"2018-05-23T21:11:28","date_gmt":"2018-05-23T21:11:28","guid":{"rendered":"http:\/\/iguazutest.com.ar.toro.avnam.net\/?post_type=product&#038;p=651"},"modified":"2026-04-03T17:00:28","modified_gmt":"2026-04-03T17:00:28","slug":"rellenadora-arean","status":"publish","type":"product","link":"https:\/\/iguazu.enexti.dev\/?product=rellenadora-arean","title":{"rendered":"Rellenadora de churros Arean"},"content":{"rendered":"<p>RELLENADORA DE CHURROS<\/p>\n<p>-Cuerpo de Fundici\u00f3n de Aluminio.<br \/>\n-Tolva recipiente de Aluminio.<br \/>\n-Pico de Acero Inoxidable de 12 cm.<br \/>\n-Incluye Prensa de Fijaci\u00f3n y Esp\u00e1tula pl\u00e1stica.<\/p>\n","protected":false},"excerpt":{"rendered":"<p>RELLENADORA DE CHURROS -Cuerpo de Fundici\u00f3n de Aluminio. -Tolva recipiente de Aluminio. -Pico de Acero Inoxidable de 12 cm. -Incluye Prensa de Fijaci\u00f3n y Esp\u00e1tula&#8230;<\/p>\n","protected":false},"featured_media":639,"template":"","meta":{"_acf_changed":false},"etheme_brands":[],"product_brand":[],"product_cat":[49,62],"product_tag":[],"class_list":{"0":"post-651","1":"product","2":"type-product","3":"status-publish","4":"has-post-thumbnail","6":"product_cat-equipamiento-y-maquinaria","7":"product_cat-rellenado","9":"first","10":"outofstock","11":"shipping-taxable","12":"purchasable","13":"product-type-simple"},"acf":[],"_links":{"self":[{"href":"https:\/\/iguazu.enexti.dev\/index.php?rest_route=\/wp\/v2\/product\/651","targetHints":{"allow":["GET"]}}],"collection":[{"href":"https:\/\/iguazu.enexti.dev\/index.php?rest_route=\/wp\/v2\/product"}],"about":[{"href":"https:\/\/iguazu.enexti.dev\/index.php?rest_route=\/wp\/v2\/types\/product"}],"version-history":[{"count":1,"href":"https:\/\/iguazu.enexti.dev\/index.php?rest_route=\/wp\/v2\/product\/651\/revisions"}],"predecessor-version":[{"id":723,"href":"https:\/\/iguazu.enexti.dev\/index.php?rest_route=\/wp\/v2\/product\/651\/revisions\/723"}],"wp:featuredmedia":[{"embeddable":true,"href":"https:\/\/iguazu.enexti.dev\/index.php?rest_route=\/wp\/v2\/media\/639"}],"wp:attachment":[{"href":"https:\/\/iguazu.enexti.dev\/index.php?rest_route=%2Fwp%2Fv2%2Fmedia&parent=651"}],"wp:term":[{"taxonomy":"brand","embeddable":true,"href":"https:\/\/iguazu.enexti.dev\/index.php?rest_route=%2Fwp%2Fv2%2Fetheme_brands&post=651"},{"taxonomy":"product_brand","embeddable":true,"href":"https:\/\/iguazu.enexti.dev\/index.php?rest_route=%2Fwp%2Fv2%2Fproduct_brand&post=651"},{"taxonomy":"product_cat","embeddable":true,"href":"https:\/\/iguazu.enexti.dev\/index.php?rest_route=%2Fwp%2Fv2%2Fproduct_cat&post=651"},{"taxonomy":"product_tag","embeddable":true,"href":"https:\/\/iguazu.enexti.dev\/index.php?rest_route=%2Fwp%2Fv2%2Fproduct_tag&post=651"}],"curies":[{"name":"wp","href":"https:\/\/api.w.org\/{rel}","templated":true}]}}